{"id":242,"date":"2021-09-13T14:41:53","date_gmt":"2021-09-13T14:41:53","guid":{"rendered":"https:\/\/www.colline-d-ulivi.com\/?post_type=product&#038;p=242"},"modified":"2025-02-27T11:04:48","modified_gmt":"2025-02-27T11:04:48","slug":"bio-olivenoel-mit-weissem-trueffel","status":"publish","type":"product","link":"https:\/\/www.colline-d-ulivi.com\/en\/shop\/alle-produkte\/bio-olivenoel-extra-vergine\/bio-olivenoel-mit-weissem-trueffel\/","title":{"rendered":"Organic olive oil with white truffle"},"content":{"rendered":"<h1>Organic olive oil with white truffle<\/h1>\n<p class=\" translation-block\">For this <strong>Gourmet Olive Oil (BIO Olive Oil with White Truffle)<\/strong> from <strong>Colline degli Ulivi<\/strong>, the best ingredients were co-pressed with our hand-picked <strong>organic olives<\/strong>. <br> The aroma of the fruits as well as the spices blend freshly and fragrantly with the taste of the olive oil.<br> Our gourmet olive oil is extremely intense, with a full-fruity scent and stands for a culinary highlight!<br> A few drops for <strong>refining the dishes<\/strong> are enough.<\/p>\n<h2>Usage:<\/h2>\n<p>For exquisite refinement of dishes Parmesan truffle dip, linguine, spaghetti, scrambled eggs, salmon carpaccio, mushroom salads, fried potato puree, risotto and for pasta dishes, risotto, meat and fish dishes, mushroom dishes and potato soup.<\/p>\n<p>&nbsp;<\/p>\n<p><em><strong>Certified by:<\/strong><\/em><\/p>\n<p><a href=\"https:\/\/www.abg.at\/\"><img decoding=\"async\" class=\"alignnone wp-image-108\" src=\"https:\/\/www.colline-d-ulivi.com\/wp-content\/uploads\/ABGLogo.png\" alt=\"Austria Bio Garantie\" width=\"116\" height=\"116\" srcset=\"https:\/\/www.colline-d-ulivi.com\/wp-content\/uploads\/ABGLogo.png 200w, https:\/\/www.colline-d-ulivi.com\/wp-content\/uploads\/ABGLogo-150x150.png 150w\" sizes=\"(max-width: 116px) 100vw, 116px\" \/>\u00a0 <\/a>\u00a0 <a href=\"https:\/\/icea.bio\/\"><img decoding=\"async\" class=\"alignnone wp-image-110\" src=\"https:\/\/www.colline-d-ulivi.com\/wp-content\/uploads\/logo-icea-certificato-biologico-300x297.png\" alt=\"\" width=\"115\" height=\"114\" srcset=\"https:\/\/www.colline-d-ulivi.com\/wp-content\/uploads\/logo-icea-certificato-biologico-300x300.png 300w, https:\/\/www.colline-d-ulivi.com\/wp-content\/uploads\/logo-icea-certificato-biologico-150x148.png 150w, https:\/\/www.colline-d-ulivi.com\/wp-content\/uploads\/logo-icea-certificato-biologico-441x436.png 441w, https:\/\/www.colline-d-ulivi.com\/wp-content\/uploads\/logo-icea-certificato-biologico-600x593.png 600w, https:\/\/www.colline-d-ulivi.com\/wp-content\/uploads\/logo-icea-certificato-biologico.png 604w\" sizes=\"(max-width: 115px) 100vw, 115px\" \/>\u00a0 <img decoding=\"async\" class=\"alignnone wp-image-111\" src=\"https:\/\/www.colline-d-ulivi.com\/wp-content\/uploads\/Download.png\" alt=\"\" width=\"171\" height=\"114\" srcset=\"https:\/\/www.colline-d-ulivi.com\/wp-content\/uploads\/Download.png 275w, https:\/\/www.colline-d-ulivi.com\/wp-content\/uploads\/Download-150x100.png 150w\" sizes=\"(max-width: 171px) 100vw, 171px\" \/><\/a><\/p>\n<p>&nbsp;<\/p>\n<p>You can find more BIO products from Colline degli Ulivi in our <span style=\"color: #69823e;\"><strong><a style=\"color: #69823e;\" href=\"https:\/\/www.colline-d-ulivi.com\/en\/shop\/\">ONLINESHOP<\/a><\/strong><\/span><\/p>\n<p>&nbsp;<\/p>\n<p>&nbsp;<\/p>\n<p>&nbsp;<\/p>","protected":false},"excerpt":{"rendered":"<ul>\n<li><strong>Content: 0.25 litre<\/strong><\/li>\n<li>High quality organic olive oil with white truffle<\/li>\n<li>Unique taste<\/li>\n<li>Made in Italy (Corigliano Rossano)<\/li>\n<\/ul>","protected":false},"featured_media":245,"comment_status":"open","ping_status":"closed","template":"","meta":[],"product_cat":[34,33],"product_tag":[37,57,45,38],"class_list":{"0":"post-242","1":"product","2":"type-product","3":"status-publish","4":"has-post-thumbnail","6":"product_cat-alle-produkte","7":"product_cat-bio-olivenoel-extra-vergine","8":"product_tag-bio-olivenoel","9":"product_tag-bio-olivenoel-weisser-trueffel","10":"product_tag-exklusiv","11":"product_tag-extra-vergine","13":"first","14":"instock","15":"taxable","16":"shipping-taxable","17":"purchasable","18":"product-type-simple"},"yoast_head":"<!-- This site is optimized with the Yoast SEO plugin v21.8 - https:\/\/yoast.com\/wordpress\/plugins\/seo\/ -->\n<title>BIO Oliven\u00f6l mit wei\u00dfem Tr\u00fcffel - Colline degli Ulivi<\/title>\n<meta name=\"description\" content=\"BIO Oliven\u00f6l mit wei\u00dfem Tr\u00fcffel von Colline degli Ulivi. Hochwertiges BIO zertifiziertes Oliven\u00f6l aus traditioneller Produktion in Italien.\" \/>\n<meta name=\"robots\" content=\"index, follow, max-snippet:-1, max-image-preview:large, max-video-preview:-1\" \/>\n<link rel=\"canonical\" href=\"https:\/\/www.colline-d-ulivi.com\/en\/shop\/alle-produkte\/bio-olivenoel-extra-vergine\/bio-olivenoel-mit-weissem-trueffel\/\" \/>\n<meta property=\"og:locale\" content=\"en_GB\" \/>\n<meta property=\"og:type\" content=\"article\" \/>\n<meta property=\"og:title\" content=\"BIO Oliven\u00f6l mit wei\u00dfem Tr\u00fcffel - Colline degli Ulivi\" \/>\n<meta property=\"og:description\" content=\"BIO Oliven\u00f6l mit wei\u00dfem Tr\u00fcffel von Colline degli Ulivi. Hochwertiges BIO zertifiziertes Oliven\u00f6l aus traditioneller Produktion in Italien.\" \/>\n<meta property=\"og:url\" content=\"https:\/\/www.colline-d-ulivi.com\/en\/shop\/alle-produkte\/bio-olivenoel-extra-vergine\/bio-olivenoel-mit-weissem-trueffel\/\" \/>\n<meta property=\"og:site_name\" content=\"Colline degli Ulivi\" \/>\n<meta property=\"article:modified_time\" content=\"2025-02-27T11:04:48+00:00\" \/>\n<meta property=\"og:image\" content=\"https:\/\/www.colline-d-ulivi.com\/wp-content\/uploads\/BIO_Olivenoel_extra_vergine_weisser_Trueffel_025Lneu.jpg\" \/>\n\t<meta property=\"og:image:width\" content=\"1000\" \/>\n\t<meta property=\"og:image:height\" content=\"1000\" \/>\n\t<meta property=\"og:image:type\" content=\"image\/jpeg\" \/>\n<meta name=\"twitter:card\" content=\"summary_large_image\" \/>\n<meta name=\"twitter:label1\" content=\"Estimated reading time\" \/>\n\t<meta name=\"twitter:data1\" content=\"2 minutes\" \/>\n<script type=\"application\/ld+json\" class=\"yoast-schema-graph\">{\"@context\":\"https:\/\/schema.org\",\"@graph\":[{\"@type\":\"WebPage\",\"@id\":\"https:\/\/www.colline-d-ulivi.com\/shop\/alle-produkte\/bio-olivenoel-extra-vergine\/bio-olivenoel-mit-weissem-trueffel\/\",\"url\":\"https:\/\/www.colline-d-ulivi.com\/shop\/alle-produkte\/bio-olivenoel-extra-vergine\/bio-olivenoel-mit-weissem-trueffel\/\",\"name\":\"BIO Oliven\u00f6l mit wei\u00dfem Tr\u00fcffel - Colline degli Ulivi\",\"isPartOf\":{\"@id\":\"https:\/\/www.colline-d-ulivi.com\/#website\"},\"datePublished\":\"2021-09-13T14:41:53+00:00\",\"dateModified\":\"2025-02-27T11:04:48+00:00\",\"description\":\"BIO Oliven\u00f6l mit wei\u00dfem Tr\u00fcffel von Colline degli Ulivi. Hochwertiges BIO zertifiziertes Oliven\u00f6l aus traditioneller Produktion in Italien.\",\"breadcrumb\":{\"@id\":\"https:\/\/www.colline-d-ulivi.com\/shop\/alle-produkte\/bio-olivenoel-extra-vergine\/bio-olivenoel-mit-weissem-trueffel\/#breadcrumb\"},\"inLanguage\":\"en-GB\",\"potentialAction\":[{\"@type\":\"ReadAction\",\"target\":[\"https:\/\/www.colline-d-ulivi.com\/shop\/alle-produkte\/bio-olivenoel-extra-vergine\/bio-olivenoel-mit-weissem-trueffel\/\"]}]},{\"@type\":\"BreadcrumbList\",\"@id\":\"https:\/\/www.colline-d-ulivi.com\/shop\/alle-produkte\/bio-olivenoel-extra-vergine\/bio-olivenoel-mit-weissem-trueffel\/#breadcrumb\",\"itemListElement\":[{\"@type\":\"ListItem\",\"position\":1,\"name\":\"Startseite\",\"item\":\"https:\/\/www.colline-d-ulivi.com\/\"},{\"@type\":\"ListItem\",\"position\":2,\"name\":\"Shop\",\"item\":\"https:\/\/www.colline-d-ulivi.com\/shop\/\"},{\"@type\":\"ListItem\",\"position\":3,\"name\":\"BIO Oliven\u00f6l mit wei\u00dfem Tr\u00fcffel\"}]},{\"@type\":\"WebSite\",\"@id\":\"https:\/\/www.colline-d-ulivi.com\/#website\",\"url\":\"https:\/\/www.colline-d-ulivi.com\/\",\"name\":\"Colline degli Ulivi\",\"description\":\"Feinstes Bio-Oliven\u00f6l &amp; mehr\",\"publisher\":{\"@id\":\"https:\/\/www.colline-d-ulivi.com\/#organization\"},\"potentialAction\":[{\"@type\":\"SearchAction\",\"target\":{\"@type\":\"EntryPoint\",\"urlTemplate\":\"https:\/\/www.colline-d-ulivi.com\/?s={search_term_string}\"},\"query-input\":\"required name=search_term_string\"}],\"inLanguage\":\"en-GB\"},{\"@type\":\"Organization\",\"@id\":\"https:\/\/www.colline-d-ulivi.com\/#organization\",\"name\":\"Colline degli Ulivi\",\"url\":\"https:\/\/www.colline-d-ulivi.com\/\",\"logo\":{\"@type\":\"ImageObject\",\"inLanguage\":\"en-GB\",\"@id\":\"https:\/\/www.colline-d-ulivi.com\/#\/schema\/logo\/image\/\",\"url\":\"https:\/\/www.colline-d-ulivi.com\/wp-content\/uploads\/2021\/09\/Logo.png\",\"contentUrl\":\"https:\/\/www.colline-d-ulivi.com\/wp-content\/uploads\/2021\/09\/Logo.png\",\"width\":512,\"height\":512,\"caption\":\"Colline degli Ulivi\"},\"image\":{\"@id\":\"https:\/\/www.colline-d-ulivi.com\/#\/schema\/logo\/image\/\"}}]}<\/script>\n<!-- \/ Yoast SEO plugin. -->","yoast_head_json":{"title":"BIO Oliven\u00f6l mit wei\u00dfem Tr\u00fcffel - Colline degli Ulivi","description":"BIO Oliven\u00f6l mit wei\u00dfem Tr\u00fcffel von Colline degli Ulivi. Hochwertiges BIO zertifiziertes Oliven\u00f6l aus traditioneller Produktion in Italien.","robots":{"index":"index","follow":"follow","max-snippet":"max-snippet:-1","max-image-preview":"max-image-preview:large","max-video-preview":"max-video-preview:-1"},"canonical":"https:\/\/www.colline-d-ulivi.com\/en\/shop\/alle-produkte\/bio-olivenoel-extra-vergine\/bio-olivenoel-mit-weissem-trueffel\/","og_locale":"en_GB","og_type":"article","og_title":"BIO Oliven\u00f6l mit wei\u00dfem Tr\u00fcffel - Colline degli Ulivi","og_description":"BIO Oliven\u00f6l mit wei\u00dfem Tr\u00fcffel von Colline degli Ulivi. Hochwertiges BIO zertifiziertes Oliven\u00f6l aus traditioneller Produktion in Italien.","og_url":"https:\/\/www.colline-d-ulivi.com\/en\/shop\/alle-produkte\/bio-olivenoel-extra-vergine\/bio-olivenoel-mit-weissem-trueffel\/","og_site_name":"Colline degli Ulivi","article_modified_time":"2025-02-27T11:04:48+00:00","og_image":[{"width":1000,"height":1000,"url":"https:\/\/www.colline-d-ulivi.com\/wp-content\/uploads\/BIO_Olivenoel_extra_vergine_weisser_Trueffel_025Lneu.jpg","type":"image\/jpeg"}],"twitter_card":"summary_large_image","twitter_misc":{"Estimated reading time":"2 minutes"},"schema":{"@context":"https:\/\/schema.org","@graph":[{"@type":"WebPage","@id":"https:\/\/www.colline-d-ulivi.com\/shop\/alle-produkte\/bio-olivenoel-extra-vergine\/bio-olivenoel-mit-weissem-trueffel\/","url":"https:\/\/www.colline-d-ulivi.com\/shop\/alle-produkte\/bio-olivenoel-extra-vergine\/bio-olivenoel-mit-weissem-trueffel\/","name":"BIO Oliven\u00f6l mit wei\u00dfem Tr\u00fcffel - Colline degli Ulivi","isPartOf":{"@id":"https:\/\/www.colline-d-ulivi.com\/#website"},"datePublished":"2021-09-13T14:41:53+00:00","dateModified":"2025-02-27T11:04:48+00:00","description":"BIO Oliven\u00f6l mit wei\u00dfem Tr\u00fcffel von Colline degli Ulivi. Hochwertiges BIO zertifiziertes Oliven\u00f6l aus traditioneller Produktion in Italien.","breadcrumb":{"@id":"https:\/\/www.colline-d-ulivi.com\/shop\/alle-produkte\/bio-olivenoel-extra-vergine\/bio-olivenoel-mit-weissem-trueffel\/#breadcrumb"},"inLanguage":"en-GB","potentialAction":[{"@type":"ReadAction","target":["https:\/\/www.colline-d-ulivi.com\/shop\/alle-produkte\/bio-olivenoel-extra-vergine\/bio-olivenoel-mit-weissem-trueffel\/"]}]},{"@type":"BreadcrumbList","@id":"https:\/\/www.colline-d-ulivi.com\/shop\/alle-produkte\/bio-olivenoel-extra-vergine\/bio-olivenoel-mit-weissem-trueffel\/#breadcrumb","itemListElement":[{"@type":"ListItem","position":1,"name":"Startseite","item":"https:\/\/www.colline-d-ulivi.com\/"},{"@type":"ListItem","position":2,"name":"Shop","item":"https:\/\/www.colline-d-ulivi.com\/shop\/"},{"@type":"ListItem","position":3,"name":"BIO Oliven\u00f6l mit wei\u00dfem Tr\u00fcffel"}]},{"@type":"WebSite","@id":"https:\/\/www.colline-d-ulivi.com\/#website","url":"https:\/\/www.colline-d-ulivi.com\/","name":"Colline degli Ulivi","description":"Feinstes Bio-Oliven\u00f6l &amp; mehr","publisher":{"@id":"https:\/\/www.colline-d-ulivi.com\/#organization"},"potentialAction":[{"@type":"SearchAction","target":{"@type":"EntryPoint","urlTemplate":"https:\/\/www.colline-d-ulivi.com\/?s={search_term_string}"},"query-input":"required name=search_term_string"}],"inLanguage":"en-GB"},{"@type":"Organization","@id":"https:\/\/www.colline-d-ulivi.com\/#organization","name":"Colline degli Ulivi","url":"https:\/\/www.colline-d-ulivi.com\/","logo":{"@type":"ImageObject","inLanguage":"en-GB","@id":"https:\/\/www.colline-d-ulivi.com\/#\/schema\/logo\/image\/","url":"https:\/\/www.colline-d-ulivi.com\/wp-content\/uploads\/2021\/09\/Logo.png","contentUrl":"https:\/\/www.colline-d-ulivi.com\/wp-content\/uploads\/2021\/09\/Logo.png","width":512,"height":512,"caption":"Colline degli Ulivi"},"image":{"@id":"https:\/\/www.colline-d-ulivi.com\/#\/schema\/logo\/image\/"}}]}},"_links":{"self":[{"href":"https:\/\/www.colline-d-ulivi.com\/en\/wp-json\/wp\/v2\/product\/242","targetHints":{"allow":["GET"]}}],"collection":[{"href":"https:\/\/www.colline-d-ulivi.com\/en\/wp-json\/wp\/v2\/product"}],"about":[{"href":"https:\/\/www.colline-d-ulivi.com\/en\/wp-json\/wp\/v2\/types\/product"}],"replies":[{"embeddable":true,"href":"https:\/\/www.colline-d-ulivi.com\/en\/wp-json\/wp\/v2\/comments?post=242"}],"wp:featuredmedia":[{"embeddable":true,"href":"https:\/\/www.colline-d-ulivi.com\/en\/wp-json\/wp\/v2\/media\/245"}],"wp:attachment":[{"href":"https:\/\/www.colline-d-ulivi.com\/en\/wp-json\/wp\/v2\/media?parent=242"}],"wp:term":[{"taxonomy":"product_cat","embeddable":true,"href":"https:\/\/www.colline-d-ulivi.com\/en\/wp-json\/wp\/v2\/product_cat?post=242"},{"taxonomy":"product_tag","embeddable":true,"href":"https:\/\/www.colline-d-ulivi.com\/en\/wp-json\/wp\/v2\/product_tag?post=242"}],"curies":[{"name":"wp","href":"https:\/\/api.w.org\/{rel}","templated":true}]}}